{"id":8569,"date":"2024-05-20T06:04:31","date_gmt":"2024-05-20T06:04:31","guid":{"rendered":"https:\/\/zhongtingfilter.com\/?page_id=8569"},"modified":"2024-05-20T06:04:31","modified_gmt":"2024-05-20T06:04:31","slug":"inquiry-sent-successfully","status":"publish","type":"page","link":"https:\/\/zhongtingfilter.com\/fr\/demande-envoyee-avec-succes\/","title":{"rendered":"Demande envoy\u00e9e avec succ\u00e8s"},"content":{"rendered":"<p>Merci de nous avoir consult\u00e9s\u00a0! Notre \u00e9quipe de techniciens experts vous contactera dans les 6 heures pour vous aider. Nous esp\u00e9rons que vous passerez une merveilleuse journ\u00e9e !<\/p>","protected":false},"excerpt":{"rendered":"<p>Merci de nous avoir consult\u00e9s\u00a0! Notre \u00e9quipe de techniciens experts vous contactera dans les 6 heures pour vous aider. Nous esp\u00e9rons que vous passerez une merveilleuse journ\u00e9e !<\/p>","protected":false},"author":1,"featured_media":0,"parent":0,"menu_order":0,"comment_status":"closed","ping_status":"closed","template":"","meta":{"site-sidebar-layout":"default","site-content-layout":"","ast-site-content-layout":"default","site-content-style":"default","site-sidebar-style":"default","ast-global-header-display":"","ast-banner-title-visibility":"","ast-main-header-display":"","ast-hfb-above-header-display":"","ast-hfb-below-header-display":"","ast-hfb-mobile-header-display":"","site-post-title":"","ast-breadcrumbs-content":"","ast-featured-img":"","footer-sml-layout":"","ast-disable-related-posts":"","theme-transparent-header-meta":"default","adv-header-id-meta":"","stick-header-meta":"","header-above-stick-meta":"","header-main-stick-meta":"","header-below-stick-meta":"","astra-migrate-meta-layouts":"set","ast-page-background-enabled":"default","ast-page-background-meta":{"desktop":{"background-color":"","background-image":"","background-repeat":"repeat","background-position":"center center","background-size":"auto","background-attachment":"scroll","background-type":"","background-media":"","overlay-type":"","overlay-color":"","overlay-opacity":"","overlay-gradient":""},"tablet":{"background-color":"","background-image":"","background-repeat":"repeat","background-position":"center center","background-size":"auto","background-attachment":"scroll","background-type":"","background-media":"","overlay-type":"","overlay-color":"","overlay-opacity":"","overlay-gradient":""},"mobile":{"background-color":"","background-image":"","background-repeat":"repeat","background-position":"center center","background-size":"auto","background-attachment":"scroll","background-type":"","background-media":"","overlay-type":"","overlay-color":"","overlay-opacity":"","overlay-gradient":""}},"ast-content-background-meta":{"desktop":{"background-color":"var(--ast-global-color-5)","background-image":"","background-repeat":"repeat","background-position":"center center","background-size":"auto","background-attachment":"scroll","background-type":"","background-media":"","overlay-type":"","overlay-color":"","overlay-opacity":"","overlay-gradient":""},"tablet":{"background-color":"var(--ast-global-color-5)","background-image":"","background-repeat":"repeat","background-position":"center center","background-size":"auto","background-attachment":"scroll","background-type":"","background-media":"","overlay-type":"","overlay-color":"","overlay-opacity":"","overlay-gradient":""},"mobile":{"background-color":"var(--ast-global-color-5)","background-image":"","background-repeat":"repeat","background-position":"center center","background-size":"auto","background-attachment":"scroll","background-type":"","background-media":"","overlay-type":"","overlay-color":"","overlay-opacity":"","overlay-gradient":""}},"footnotes":""},"class_list":["post-8569","page","type-page","status-publish","hentry"],"yoast_head":"<!-- This site is optimized with the Yoast SEO Premium plugin v21.8 (Yoast SEO v26.5) - https:\/\/yoast.com\/wordpress\/plugins\/seo\/ -->\n<title>Inquiry sent successfully - ZhongTing<\/title>\n<meta name=\"description\" content=\"Inquiry sent successfully\" \/>\n<meta name=\"robots\" content=\"index, follow, max-snippet:-1, max-image-preview:large, max-video-preview:-1\" \/>\n<link rel=\"canonical\" href=\"https:\/\/zhongtingfilter.com\/fr\/demande-envoyee-avec-succes\/\" \/>\n<meta property=\"og:locale\" content=\"fr_FR\" \/>\n<meta property=\"og:type\" content=\"article\" \/>\n<meta property=\"og:title\" content=\"Inquiry sent successfully\" \/>\n<meta property=\"og:description\" content=\"Inquiry sent successfully\" \/>\n<meta property=\"og:url\" content=\"https:\/\/zhongtingfilter.com\/fr\/demande-envoyee-avec-succes\/\" \/>\n<meta property=\"og:site_name\" content=\"ZhongTing\" \/>\n<meta name=\"twitter:card\" content=\"summary_large_image\" \/>\n<meta name=\"twitter:label1\" content=\"Dur\u00e9e de lecture estim\u00e9e\" \/>\n\t<meta name=\"twitter:data1\" content=\"1 minute\" \/>\n<script type=\"application\/ld+json\" class=\"yoast-schema-graph\">{\"@context\":\"https:\/\/schema.org\",\"@graph\":[{\"@type\":\"WebPage\",\"@id\":\"https:\/\/zhongtingfilter.com\/inquiry-sent-successfully\/\",\"url\":\"https:\/\/zhongtingfilter.com\/inquiry-sent-successfully\/\",\"name\":\"Inquiry sent successfully - ZhongTing\",\"isPartOf\":{\"@id\":\"https:\/\/zhongtingfilter.com\/es\/#website\"},\"datePublished\":\"2024-05-20T06:04:31+00:00\",\"description\":\"Inquiry sent successfully\",\"breadcrumb\":{\"@id\":\"https:\/\/zhongtingfilter.com\/inquiry-sent-successfully\/#breadcrumb\"},\"inLanguage\":\"fr-FR\",\"potentialAction\":[{\"@type\":\"ReadAction\",\"target\":[\"https:\/\/zhongtingfilter.com\/inquiry-sent-successfully\/\"]}]},{\"@type\":\"BreadcrumbList\",\"@id\":\"https:\/\/zhongtingfilter.com\/inquiry-sent-successfully\/#breadcrumb\",\"itemListElement\":[{\"@type\":\"ListItem\",\"position\":1,\"name\":\"Home\",\"item\":\"https:\/\/zhongtingfilter.com\/es\/\"},{\"@type\":\"ListItem\",\"position\":2,\"name\":\"Inquiry sent successfully\"}]},{\"@type\":\"WebSite\",\"@id\":\"https:\/\/zhongtingfilter.com\/es\/#website\",\"url\":\"https:\/\/zhongtingfilter.com\/es\/\",\"name\":\"ZhongTing\",\"description\":\"China&#039;s Top water filter cartridge &amp; Bags  Manufacture\",\"publisher\":{\"@id\":\"https:\/\/zhongtingfilter.com\/es\/#organization\"},\"potentialAction\":[{\"@type\":\"SearchAction\",\"target\":{\"@type\":\"EntryPoint\",\"urlTemplate\":\"https:\/\/zhongtingfilter.com\/es\/?s={search_term_string}\"},\"query-input\":{\"@type\":\"PropertyValueSpecification\",\"valueRequired\":true,\"valueName\":\"search_term_string\"}}],\"inLanguage\":\"fr-FR\"},{\"@type\":\"Organization\",\"@id\":\"https:\/\/zhongtingfilter.com\/es\/#organization\",\"name\":\"ZhongTing\",\"url\":\"https:\/\/zhongtingfilter.com\/es\/\",\"logo\":{\"@type\":\"ImageObject\",\"inLanguage\":\"fr-FR\",\"@id\":\"https:\/\/zhongtingfilter.com\/es\/#\/schema\/logo\/image\/\",\"url\":\"https:\/\/zhongtingfilter.com\/wp-content\/uploads\/2021\/03\/000.png\",\"contentUrl\":\"https:\/\/zhongtingfilter.com\/wp-content\/uploads\/2021\/03\/000.png\",\"width\":621,\"height\":252,\"caption\":\"ZhongTing\"},\"image\":{\"@id\":\"https:\/\/zhongtingfilter.com\/es\/#\/schema\/logo\/image\/\"}}]}<\/script>\n<!-- \/ Yoast SEO Premium plugin. -->","yoast_head_json":{"title":"Inquiry sent successfully - ZhongTing","description":"Inquiry sent successfully","robots":{"index":"index","follow":"follow","max-snippet":"max-snippet:-1","max-image-preview":"max-image-preview:large","max-video-preview":"max-video-preview:-1"},"canonical":"https:\/\/zhongtingfilter.com\/fr\/demande-envoyee-avec-succes\/","og_locale":"fr_FR","og_type":"article","og_title":"Inquiry sent successfully","og_description":"Inquiry sent successfully","og_url":"https:\/\/zhongtingfilter.com\/fr\/demande-envoyee-avec-succes\/","og_site_name":"ZhongTing","twitter_card":"summary_large_image","twitter_misc":{"Dur\u00e9e de lecture estim\u00e9e":"1 minute"},"schema":{"@context":"https:\/\/schema.org","@graph":[{"@type":"WebPage","@id":"https:\/\/zhongtingfilter.com\/inquiry-sent-successfully\/","url":"https:\/\/zhongtingfilter.com\/inquiry-sent-successfully\/","name":"Inquiry sent successfully - ZhongTing","isPartOf":{"@id":"https:\/\/zhongtingfilter.com\/es\/#website"},"datePublished":"2024-05-20T06:04:31+00:00","description":"Inquiry sent successfully","breadcrumb":{"@id":"https:\/\/zhongtingfilter.com\/inquiry-sent-successfully\/#breadcrumb"},"inLanguage":"fr-FR","potentialAction":[{"@type":"ReadAction","target":["https:\/\/zhongtingfilter.com\/inquiry-sent-successfully\/"]}]},{"@type":"BreadcrumbList","@id":"https:\/\/zhongtingfilter.com\/inquiry-sent-successfully\/#breadcrumb","itemListElement":[{"@type":"ListItem","position":1,"name":"Home","item":"https:\/\/zhongtingfilter.com\/es\/"},{"@type":"ListItem","position":2,"name":"Inquiry sent successfully"}]},{"@type":"WebSite","@id":"https:\/\/zhongtingfilter.com\/es\/#website","url":"https:\/\/zhongtingfilter.com\/es\/","name":"ZhongTing","description":"China&#039;s Top water filter cartridge &amp; Bags  Manufacture","publisher":{"@id":"https:\/\/zhongtingfilter.com\/es\/#organization"},"potentialAction":[{"@type":"SearchAction","target":{"@type":"EntryPoint","urlTemplate":"https:\/\/zhongtingfilter.com\/es\/?s={search_term_string}"},"query-input":{"@type":"PropertyValueSpecification","valueRequired":true,"valueName":"search_term_string"}}],"inLanguage":"fr-FR"},{"@type":"Organization","@id":"https:\/\/zhongtingfilter.com\/es\/#organization","name":"ZhongTing","url":"https:\/\/zhongtingfilter.com\/es\/","logo":{"@type":"ImageObject","inLanguage":"fr-FR","@id":"https:\/\/zhongtingfilter.com\/es\/#\/schema\/logo\/image\/","url":"https:\/\/zhongtingfilter.com\/wp-content\/uploads\/2021\/03\/000.png","contentUrl":"https:\/\/zhongtingfilter.com\/wp-content\/uploads\/2021\/03\/000.png","width":621,"height":252,"caption":"ZhongTing"},"image":{"@id":"https:\/\/zhongtingfilter.com\/es\/#\/schema\/logo\/image\/"}}]}},"_links":{"self":[{"href":"https:\/\/zhongtingfilter.com\/fr\/wp-json\/wp\/v2\/pages\/8569","targetHints":{"allow":["GET"]}}],"collection":[{"href":"https:\/\/zhongtingfilter.com\/fr\/wp-json\/wp\/v2\/pages"}],"about":[{"href":"https:\/\/zhongtingfilter.com\/fr\/wp-json\/wp\/v2\/types\/page"}],"author":[{"embeddable":true,"href":"https:\/\/zhongtingfilter.com\/fr\/wp-json\/wp\/v2\/users\/1"}],"replies":[{"embeddable":true,"href":"https:\/\/zhongtingfilter.com\/fr\/wp-json\/wp\/v2\/comments?post=8569"}],"version-history":[{"count":0,"href":"https:\/\/zhongtingfilter.com\/fr\/wp-json\/wp\/v2\/pages\/8569\/revisions"}],"wp:attachment":[{"href":"https:\/\/zhongtingfilter.com\/fr\/wp-json\/wp\/v2\/media?parent=8569"}],"curies":[{"name":"wp","href":"https:\/\/api.w.org\/{rel}","templated":true}]}}